{"id":4682,"date":"2024-02-27T09:25:19","date_gmt":"2024-02-27T08:25:19","guid":{"rendered":"http:\/\/hotelducap.webtest.me\/?page_id=4682"},"modified":"2025-12-08T10:41:31","modified_gmt":"2025-12-08T09:41:31","slug":"prices-services","status":"publish","type":"page","link":"https:\/\/www.hotelducap.net\/en\/prices-services\/","title":{"rendered":"Prices &#038; Services"},"content":{"rendered":"<div class=\"wpb-content-wrapper\"><p>[vc_row gap=&#8221;15&#8243; content_placement=&#8221;top&#8221;][vc_column width=&#8221;1\/2&#8243; css=&#8221;.vc_custom_1709651066616{border-radius: 10px !important;}&#8221;][vc_column_text css_animation=&#8221;fadeIn&#8221; css=&#8221;&#8221;]<strong>Double room:<\/strong> from 85 \u20ac to 90 \u20ac<\/p>\n<p><strong>Triple room:<\/strong> 115 \u20ac<\/p>\n<p><strong>Junior Suite and Suite:<\/strong> from 95 \u20ac to 130 \u20ac<\/p>\n<p><strong>Extra bed:<\/strong> 25 \u20ac<\/p>\n<p><strong>Breakfast:<\/strong> 14 \u20ac<\/p>\n<p>We offer <strong>two equipped rooms<\/strong>, accessible to person with reduced mobility.[\/vc_column_text][vc_btn title=&#8221;Book your stay&#8221; style=&#8221;flat&#8221; shape=&#8221;square&#8221; color=&#8221;chino&#8221; link=&#8221;url:https%3A%2F%2Fwww.hotelducap.net%2Fen%2Freservation-request%2F|title:Demande%20de%20Pr%C3%A9-r%C3%A9servation||&#8221;][\/vc_column][vc_column width=&#8221;1\/2&#8243;][vc_row_inner][vc_column_inner width=&#8221;1\/2&#8243;][vc_single_image image=&#8221;4731&#8243; img_size=&#8221;350&#215;425&#8243; alignment=&#8221;center&#8221; style=&#8221;vc_box_shadow_border&#8221; onclick=&#8221;link_image&#8221; css_animation=&#8221;fadeIn&#8221;][\/vc_column_inner][vc_column_inner width=&#8221;1\/2&#8243;][vc_single_image image=&#8221;4678&#8243; img_size=&#8221;350&#215;425&#8243; alignment=&#8221;center&#8221; style=&#8221;vc_box_shadow_border&#8221; onclick=&#8221;link_image&#8221; css_animation=&#8221;fadeIn&#8221;][\/vc_column_inner][\/vc_row_inner][vc_row_inner content_placement=&#8221;middle&#8221;][vc_column_inner width=&#8221;1\/6&#8243;][vc_icon icon_fontawesome=&#8221;fas fa-dog&#8221; color=&#8221;chino&#8221; size=&#8221;lg&#8221; align=&#8221;center&#8221; css_animation=&#8221;fadeIn&#8221; css=&#8221;.vc_custom_1713963549222{margin-bottom: 0px !important;padding-bottom: 0px !important;}&#8221;][\/vc_column_inner][vc_column_inner width=&#8221;5\/6&#8243;][vc_column_text css_animation=&#8221;fadeIn&#8221; css=&#8221;.vc_custom_1713962526930{padding-right: 10px !important;padding-left: 10px !important;}&#8221;]<\/p>\n<p style=\"text-align: left;\"><strong>Our Pet-Friends are welcome: supplement of 9 \u20ac<\/strong><\/p>\n<p>[\/vc_column_text][\/vc_column_inner][\/vc_row_inner][\/vc_column][\/vc_row][vc_row gap=&#8221;15&#8243; css=&#8221;.vc_custom_1709252898182{margin-top: 30px !important;margin-bottom: 30px !important;}&#8221;][vc_column width=&#8221;1\/2&#8243;][vc_column_text css_animation=&#8221;fadeIn&#8221; css=&#8221;.vc_custom_1713369342442{padding-right: 10px !important;padding-left: 10px !important;}&#8221;]<\/p>\n<p style=\"text-align: center;\"><strong>An energy-boosting breakfast<\/strong> to start the day is offered in a unique setting facing the Channel island of Alderney and the Cap de La Hague:<\/p>\n<p style=\"text-align: center;\"><strong>from 8:00 to 10:00 on weekdays and from 8:30 to 10:00 on weekends<\/strong><\/p>\n<p style=\"text-align: center;\">Our bar welcomes you from <strong>4pm to 8pm<\/strong> : cosy bar, on the terrace and in the park\u2026 pleasant moments of relaxation around a \u00ab\u00a0planche gourmande\u00a0\u00bb while enjoying aperitifs or digestives of the region.<\/p>\n<p style=\"text-align: center;\">Desire for tranquility and rest, <strong>our room service<\/strong> offers the opportunity to relax in your room, on the terrace or in the park, always according to your desires.<\/p>\n<p style=\"text-align: center;\">\u00abSmall hungers\u00bb, Lunch or Dinner formulas are to choose from local products and traditional dishes of Normandie.<\/p>\n<p>[\/vc_column_text][\/vc_column][vc_column width=&#8221;1\/2&#8243;][vc_single_image image=&#8221;4735&#8243; img_size=&#8221;550&#215;420&#8243; alignment=&#8221;center&#8221; style=&#8221;vc_box_shadow_border&#8221; onclick=&#8221;link_image&#8221; css_animation=&#8221;fadeIn&#8221;][\/vc_column][\/vc_row]<\/p>\n<\/div>","protected":false},"excerpt":{"rendered":"<p>Double room: from 85 \u20ac to 90 \u20ac Triple room: 115 \u20ac Junior Suite and Suite: from 95 \u20ac to 130 \u20ac Extra bed: 25 \u20ac Breakfast: 14 \u20ac We offer two equipped rooms, accessible to person with reduced mobility. Our Pet-Friends are welcome: supplement of 9 \u20ac <\/p>\n","protected":false},"author":2,"featured_media":0,"parent":0,"menu_order":0,"comment_status":"closed","ping_status":"closed","template":"","meta":{"footnotes":""},"class_list":["post-4682","page","type-page","status-publish","hentry"],"yoast_head":"<!-- This site is optimized with the Yoast SEO plugin v27.2 - https:\/\/yoast.com\/product\/yoast-seo-wordpress\/ -->\n<title>Prices &amp; Services - H\u00f4tel du Cap<\/title>\n<meta name=\"description\" content=\"Pour votre s\u00e9jour dans la Manche, nous vous accueillons toute l&#039;ann\u00e9e dans une maison de caract\u00e8re type de la Hague en Normandie\" \/>\n<meta name=\"robots\" content=\"index, follow, max-snippet:-1, max-image-preview:large, max-video-preview:-1\" \/>\n<link rel=\"canonical\" href=\"https:\/\/www.hotelducap.net\/en\/prices-services\/\" \/>\n<meta property=\"og:locale\" content=\"en_US\" \/>\n<meta property=\"og:type\" content=\"article\" \/>\n<meta property=\"og:title\" content=\"Prices &amp; Services - H\u00f4tel du Cap\" \/>\n<meta property=\"og:description\" content=\"Pour votre s\u00e9jour dans la Manche, nous vous accueillons toute l&#039;ann\u00e9e dans une maison de caract\u00e8re type de la Hague en Normandie\" \/>\n<meta property=\"og:url\" content=\"https:\/\/www.hotelducap.net\/en\/prices-services\/\" \/>\n<meta property=\"og:site_name\" content=\"H\u00f4tel du Cap\" \/>\n<meta property=\"article:modified_time\" content=\"2025-12-08T09:41:31+00:00\" \/>\n<meta name=\"twitter:card\" content=\"summary_large_image\" \/>\n<meta name=\"twitter:label1\" content=\"Est. reading time\" \/>\n\t<meta name=\"twitter:data1\" content=\"2 minutes\" \/>\n<script type=\"application\/ld+json\" class=\"yoast-schema-graph\">{\"@context\":\"https:\/\/schema.org\",\"@graph\":[{\"@type\":\"WebPage\",\"@id\":\"https:\/\/www.hotelducap.net\/en\/prices-services\/\",\"url\":\"https:\/\/www.hotelducap.net\/en\/prices-services\/\",\"name\":\"Prices & Services - H\u00f4tel du Cap\",\"isPartOf\":{\"@id\":\"https:\/\/www.hotelducap.net\/#website\"},\"datePublished\":\"2024-02-27T08:25:19+00:00\",\"dateModified\":\"2025-12-08T09:41:31+00:00\",\"description\":\"Pour votre s\u00e9jour dans la Manche, nous vous accueillons toute l'ann\u00e9e dans une maison de caract\u00e8re type de la Hague en Normandie\",\"breadcrumb\":{\"@id\":\"https:\/\/www.hotelducap.net\/en\/prices-services\/#breadcrumb\"},\"inLanguage\":\"en-US\",\"potentialAction\":[{\"@type\":\"ReadAction\",\"target\":[\"https:\/\/www.hotelducap.net\/en\/prices-services\/\"]}]},{\"@type\":\"BreadcrumbList\",\"@id\":\"https:\/\/www.hotelducap.net\/en\/prices-services\/#breadcrumb\",\"itemListElement\":[{\"@type\":\"ListItem\",\"position\":1,\"name\":\"Accueil\",\"item\":\"https:\/\/www.hotelducap.net\/en\/\"},{\"@type\":\"ListItem\",\"position\":2,\"name\":\"Prices &#038; Services\"}]},{\"@type\":\"WebSite\",\"@id\":\"https:\/\/www.hotelducap.net\/#website\",\"url\":\"https:\/\/www.hotelducap.net\/\",\"name\":\"H\u00f4tel du Cap\",\"description\":\"\",\"potentialAction\":[{\"@type\":\"SearchAction\",\"target\":{\"@type\":\"EntryPoint\",\"urlTemplate\":\"https:\/\/www.hotelducap.net\/?s={search_term_string}\"},\"query-input\":{\"@type\":\"PropertyValueSpecification\",\"valueRequired\":true,\"valueName\":\"search_term_string\"}}],\"inLanguage\":\"en-US\"}]}<\/script>\n<!-- \/ Yoast SEO plugin. -->","yoast_head_json":{"title":"Prices & Services - H\u00f4tel du Cap","description":"Pour votre s\u00e9jour dans la Manche, nous vous accueillons toute l'ann\u00e9e dans une maison de caract\u00e8re type de la Hague en Normandie","robots":{"index":"index","follow":"follow","max-snippet":"max-snippet:-1","max-image-preview":"max-image-preview:large","max-video-preview":"max-video-preview:-1"},"canonical":"https:\/\/www.hotelducap.net\/en\/prices-services\/","og_locale":"en_US","og_type":"article","og_title":"Prices & Services - H\u00f4tel du Cap","og_description":"Pour votre s\u00e9jour dans la Manche, nous vous accueillons toute l'ann\u00e9e dans une maison de caract\u00e8re type de la Hague en Normandie","og_url":"https:\/\/www.hotelducap.net\/en\/prices-services\/","og_site_name":"H\u00f4tel du Cap","article_modified_time":"2025-12-08T09:41:31+00:00","twitter_card":"summary_large_image","twitter_misc":{"Est. reading time":"2 minutes"},"schema":{"@context":"https:\/\/schema.org","@graph":[{"@type":"WebPage","@id":"https:\/\/www.hotelducap.net\/en\/prices-services\/","url":"https:\/\/www.hotelducap.net\/en\/prices-services\/","name":"Prices & Services - H\u00f4tel du Cap","isPartOf":{"@id":"https:\/\/www.hotelducap.net\/#website"},"datePublished":"2024-02-27T08:25:19+00:00","dateModified":"2025-12-08T09:41:31+00:00","description":"Pour votre s\u00e9jour dans la Manche, nous vous accueillons toute l'ann\u00e9e dans une maison de caract\u00e8re type de la Hague en Normandie","breadcrumb":{"@id":"https:\/\/www.hotelducap.net\/en\/prices-services\/#breadcrumb"},"inLanguage":"en-US","potentialAction":[{"@type":"ReadAction","target":["https:\/\/www.hotelducap.net\/en\/prices-services\/"]}]},{"@type":"BreadcrumbList","@id":"https:\/\/www.hotelducap.net\/en\/prices-services\/#breadcrumb","itemListElement":[{"@type":"ListItem","position":1,"name":"Accueil","item":"https:\/\/www.hotelducap.net\/en\/"},{"@type":"ListItem","position":2,"name":"Prices &#038; Services"}]},{"@type":"WebSite","@id":"https:\/\/www.hotelducap.net\/#website","url":"https:\/\/www.hotelducap.net\/","name":"H\u00f4tel du Cap","description":"","potentialAction":[{"@type":"SearchAction","target":{"@type":"EntryPoint","urlTemplate":"https:\/\/www.hotelducap.net\/?s={search_term_string}"},"query-input":{"@type":"PropertyValueSpecification","valueRequired":true,"valueName":"search_term_string"}}],"inLanguage":"en-US"}]}},"_links":{"self":[{"href":"https:\/\/www.hotelducap.net\/en\/wp-json\/wp\/v2\/pages\/4682","targetHints":{"allow":["GET"]}}],"collection":[{"href":"https:\/\/www.hotelducap.net\/en\/wp-json\/wp\/v2\/pages"}],"about":[{"href":"https:\/\/www.hotelducap.net\/en\/wp-json\/wp\/v2\/types\/page"}],"author":[{"embeddable":true,"href":"https:\/\/www.hotelducap.net\/en\/wp-json\/wp\/v2\/users\/2"}],"replies":[{"embeddable":true,"href":"https:\/\/www.hotelducap.net\/en\/wp-json\/wp\/v2\/comments?post=4682"}],"version-history":[{"count":0,"href":"https:\/\/www.hotelducap.net\/en\/wp-json\/wp\/v2\/pages\/4682\/revisions"}],"wp:attachment":[{"href":"https:\/\/www.hotelducap.net\/en\/wp-json\/wp\/v2\/media?parent=4682"}],"curies":[{"name":"wp","href":"https:\/\/api.w.org\/{rel}","templated":true}]}}