{"id":3915,"date":"2023-08-24T12:41:11","date_gmt":"2023-08-24T10:41:11","guid":{"rendered":"http:\/\/hotelducap.webtest.me\/?page_id=3915"},"modified":"2025-12-08T11:00:21","modified_gmt":"2025-12-08T10:00:21","slug":"reservation-request","status":"publish","type":"page","link":"https:\/\/www.hotelducap.net\/en\/reservation-request\/","title":{"rendered":"Pre-booking request"},"content":{"rendered":"<div class=\"wpb-content-wrapper\"><p>[vc_row][vc_column][vc_column_text css_animation=&#8221;fadeIn&#8221;]For any question, request or reservation, please reach us by phone or via the pre-booking form. <strong>We will contact you and You will receive by return an availability or booking confirmation.<\/strong>[\/vc_column_text][\/vc_column][\/vc_row][vc_row][vc_column width=&#8221;1\/2&#8243;]\n<div class=\"wpcf7 no-js\" id=\"wpcf7-f3913-o1\" lang=\"en-US\" dir=\"ltr\" data-wpcf7-id=\"3913\">\n<div class=\"screen-reader-response\"><p role=\"status\" aria-live=\"polite\" aria-atomic=\"true\"><\/p> <ul><\/ul><\/div>\n<form action=\"\/en\/wp-json\/wp\/v2\/pages\/3915#wpcf7-f3913-o1\" method=\"post\" class=\"wpcf7-form init\" aria-label=\"Contact form\" novalidate=\"novalidate\" data-status=\"init\">\n<fieldset class=\"hidden-fields-container\"><input type=\"hidden\" name=\"_wpcf7\" value=\"3913\" \/><input type=\"hidden\" name=\"_wpcf7_version\" value=\"6.1.5\" \/><input type=\"hidden\" name=\"_wpcf7_locale\" value=\"en_US\" \/><input type=\"hidden\" name=\"_wpcf7_unit_tag\" value=\"wpcf7-f3913-o1\" \/><input type=\"hidden\" name=\"_wpcf7_container_post\" value=\"0\" \/><input type=\"hidden\" name=\"_wpcf7_posted_data_hash\" value=\"\" \/>\n<\/fieldset>\n<p><label> Last name \/ First name*<br \/>\n<span class=\"wpcf7-form-control-wrap\" data-name=\"your-name\"><input size=\"40\" maxlength=\"400\" class=\"wpcf7-form-control wpcf7-text wpcf7-validates-as-required\" aria-required=\"true\" aria-invalid=\"false\" value=\"\" type=\"text\" name=\"your-name\" \/><\/span> <\/label>\n<\/p>\n<p><label> Email*<br \/>\n<span class=\"wpcf7-form-control-wrap\" data-name=\"your-email\"><input size=\"40\" maxlength=\"400\" class=\"wpcf7-form-control wpcf7-email wpcf7-validates-as-required wpcf7-text wpcf7-validates-as-email\" aria-required=\"true\" aria-invalid=\"false\" value=\"\" type=\"email\" name=\"your-email\" \/><\/span> <\/label>\n<\/p>\n<p><label> Phone number*<br \/>\n<span class=\"wpcf7-form-control-wrap\" data-name=\"your-tel\"><input size=\"40\" maxlength=\"400\" class=\"wpcf7-form-control wpcf7-tel wpcf7-validates-as-required wpcf7-text wpcf7-validates-as-tel\" aria-required=\"true\" aria-invalid=\"false\" value=\"\" type=\"tel\" name=\"your-tel\" \/><\/span> <\/label>\n<\/p>\n<p><label> Room *<br \/>\n<span class=\"wpcf7-form-control-wrap\" data-name=\"Logement\"><select class=\"wpcf7-form-control wpcf7-select wpcf7-validates-as-required\" aria-required=\"true\" aria-invalid=\"false\" multiple=\"multiple\" name=\"Logement[]\"><option value=\"Double\">Double<\/option><option value=\"Triple\">Triple<\/option><option value=\"Junior suite\">Junior suite<\/option><option value=\"Suite\">Suite<\/option><option value=\"Extra bed\">Extra bed<\/option><option value=\"Breakfast\">Breakfast<\/option><\/select><\/span><\/label>\n<\/p>\n<p><label> Arrival<br \/>\n<span class=\"wpcf7-form-control-wrap\" data-name=\"Arrive\"><input class=\"wpcf7-form-control wpcf7-date wpcf7-validates-as-required wpcf7-validates-as-date\" aria-required=\"true\" aria-invalid=\"false\" value=\"\" type=\"date\" name=\"Arrive\" \/><\/span> <\/label>\n<\/p>\n<p><label> Departure<br \/>\n<span class=\"wpcf7-form-control-wrap\" data-name=\"Depart\"><input class=\"wpcf7-form-control wpcf7-date wpcf7-validates-as-required wpcf7-validates-as-date\" aria-required=\"true\" aria-invalid=\"false\" value=\"\" type=\"date\" name=\"Depart\" \/><\/span> <\/label>\n<\/p>\n<p><label> Message*<br \/>\n<span class=\"wpcf7-form-control-wrap\" data-name=\"your-message\"><textarea cols=\"40\" rows=\"10\" maxlength=\"2000\" class=\"wpcf7-form-control wpcf7-textarea wpcf7-validates-as-required\" aria-required=\"true\" aria-invalid=\"false\" name=\"your-message\"><\/textarea><\/span> <\/label>\n<\/p>\n<p><span class=\"wpcf7-form-control-wrap\" data-name=\"confidentiality\"><span class=\"wpcf7-form-control wpcf7-checkbox wpcf7-validates-as-required\"><span class=\"wpcf7-list-item first last\"><input type=\"checkbox\" name=\"confidentiality[]\" value=\"I have read and accept this site\u2019s privacy policy.\" \/><span class=\"wpcf7-list-item-label\">I have read and accept this site\u2019s privacy policy.<\/span><\/span><\/span><\/span>\n<\/p>\n<p><input class=\"wpcf7-form-control wpcf7-submit has-spinner\" type=\"submit\" value=\"Send your pre-booking request\" \/>\n<\/p>\n<div style=\"float:right; font-style=italic; font-size:13px; padding:0 0 10px 0;\">\n\t<p>* Required fields\n\t<\/p>\n<\/div><div class=\"wpcf7-response-output\" aria-hidden=\"true\"><\/div>\n<\/form>\n<\/div>\n[\/vc_column][vc_column width=&#8221;1\/2&#8243;][vc_column_text css_animation=&#8221;fadeIn&#8221; css=&#8221;&#8221;]<\/p>\n<h2>Conditions of reservation and cancellation<\/h2>\n<h4>Our booking conditions<\/h4>\n<ul>\n<li>Confirmation of booking by internet<\/li>\n<li>Request for reservation check \u2013 30% deposit calculated on the total amount of the stay for groups \u2013 or bank details (credit card number and expiration date).<\/li>\n<\/ul>\n<p>[\/vc_column_text][vc_column_text css_animation=&#8221;fadeIn&#8221;]<\/p>\n<h3>Payment types<\/h3>\n<p>Payment can be made in the form of cash, check, credit card, or ch\u00e8ques vacances<\/p>\n<p><em>All the information is communicated after becoming aware, and implies acceptance, of all the booking conditions and cancellation fees set out below.<\/em>[\/vc_column_text][vc_column_text css_animation=&#8221;fadeIn&#8221; css=&#8221;&#8221;]<\/p>\n<h3>Nos conditions d\u2019annulation<\/h3>\n<p>In case of cancellation of the reservation before the beginning of the stay, or in case of early departure during the stay, an indemnity will be due, as a penalty clause by the contractor, relating to the amount of the stay, fixed as follows:<\/p>\n<ul>\n<li><strong>up to 10 days before arrival: <\/strong>free of charge<strong><br \/>\n<\/strong><\/li>\n<li><strong>from 9 to 5 days before arrival:<\/strong> 50% of the total amount<strong><br \/>\n<\/strong><\/li>\n<li><strong>from 4 days prior to arrival:<\/strong> 100% of the total amount<strong><br \/>\n<\/strong><\/li>\n<\/ul>\n<p>[\/vc_column_text][vc_column_text css_animation=&#8221;fadeIn&#8221;]<\/p>\n<h4>No show or early departure<\/h4>\n<p>In case of no-show, cancellation without notice and not coming from the customer, the entire planned stay will be due by the customer or the company that made the reservation.[\/vc_column_text][\/vc_column][\/vc_row]<\/p>\n<\/div>","protected":false},"excerpt":{"rendered":"<p>For any question, request or reservation, please reach us by phone or via the pre-booking form. We will contact you and You will receive by return an availability or booking confirmation. Conditions of reservation and cancellation Our booking conditions Confirmation of booking by internet Request for reservation check \u2013 30% deposit calculated on the total amount of the stay for groups \u2013 or bank details (credit card number and expiration date).  Payment types Payment can be made in the form of cash, check, credit card, or ch\u00e8ques vacances All the information is communicated <\/p>\n","protected":false},"author":2,"featured_media":0,"parent":0,"menu_order":0,"comment_status":"closed","ping_status":"closed","template":"","meta":{"footnotes":""},"class_list":["post-3915","page","type-page","status-publish","hentry"],"yoast_head":"<!-- This site is optimized with the Yoast SEO plugin v27.2 - https:\/\/yoast.com\/product\/yoast-seo-wordpress\/ -->\n<title>Pre-booking request - H\u00f4tel du Cap<\/title>\n<meta name=\"description\" content=\"Vous souhaitez r\u00e9server une chambre, utilisez notre formulaire de pr\u00e9-r\u00e9servation en ligne. ou contactez nous au 06 70 17 60 55\" \/>\n<meta name=\"robots\" content=\"index, follow, max-snippet:-1, max-image-preview:large, max-video-preview:-1\" \/>\n<link rel=\"canonical\" href=\"https:\/\/www.hotelducap.net\/en\/reservation-request\/\" \/>\n<meta property=\"og:locale\" content=\"en_US\" \/>\n<meta property=\"og:type\" content=\"article\" \/>\n<meta property=\"og:title\" content=\"Pre-booking request - H\u00f4tel du Cap\" \/>\n<meta property=\"og:description\" content=\"Vous souhaitez r\u00e9server une chambre, utilisez notre formulaire de pr\u00e9-r\u00e9servation en ligne. ou contactez nous au 06 70 17 60 55\" \/>\n<meta property=\"og:url\" content=\"https:\/\/www.hotelducap.net\/en\/reservation-request\/\" \/>\n<meta property=\"og:site_name\" content=\"H\u00f4tel du Cap\" \/>\n<meta property=\"article:modified_time\" content=\"2025-12-08T10:00:21+00:00\" \/>\n<meta name=\"twitter:card\" content=\"summary_large_image\" \/>\n<meta name=\"twitter:label1\" content=\"Est. reading time\" \/>\n\t<meta name=\"twitter:data1\" content=\"2 minutes\" \/>\n<script type=\"application\/ld+json\" class=\"yoast-schema-graph\">{\"@context\":\"https:\/\/schema.org\",\"@graph\":[{\"@type\":\"WebPage\",\"@id\":\"https:\/\/www.hotelducap.net\/en\/reservation-request\/\",\"url\":\"https:\/\/www.hotelducap.net\/en\/reservation-request\/\",\"name\":\"Pre-booking request - H\u00f4tel du Cap\",\"isPartOf\":{\"@id\":\"https:\/\/www.hotelducap.net\/#website\"},\"datePublished\":\"2023-08-24T10:41:11+00:00\",\"dateModified\":\"2025-12-08T10:00:21+00:00\",\"description\":\"Vous souhaitez r\u00e9server une chambre, utilisez notre formulaire de pr\u00e9-r\u00e9servation en ligne. ou contactez nous au 06 70 17 60 55\",\"breadcrumb\":{\"@id\":\"https:\/\/www.hotelducap.net\/en\/reservation-request\/#breadcrumb\"},\"inLanguage\":\"en-US\",\"potentialAction\":[{\"@type\":\"ReadAction\",\"target\":[\"https:\/\/www.hotelducap.net\/en\/reservation-request\/\"]}]},{\"@type\":\"BreadcrumbList\",\"@id\":\"https:\/\/www.hotelducap.net\/en\/reservation-request\/#breadcrumb\",\"itemListElement\":[{\"@type\":\"ListItem\",\"position\":1,\"name\":\"Accueil\",\"item\":\"https:\/\/www.hotelducap.net\/en\/\"},{\"@type\":\"ListItem\",\"position\":2,\"name\":\"Pre-booking request\"}]},{\"@type\":\"WebSite\",\"@id\":\"https:\/\/www.hotelducap.net\/#website\",\"url\":\"https:\/\/www.hotelducap.net\/\",\"name\":\"H\u00f4tel du Cap\",\"description\":\"\",\"potentialAction\":[{\"@type\":\"SearchAction\",\"target\":{\"@type\":\"EntryPoint\",\"urlTemplate\":\"https:\/\/www.hotelducap.net\/?s={search_term_string}\"},\"query-input\":{\"@type\":\"PropertyValueSpecification\",\"valueRequired\":true,\"valueName\":\"search_term_string\"}}],\"inLanguage\":\"en-US\"}]}<\/script>\n<!-- \/ Yoast SEO plugin. -->","yoast_head_json":{"title":"Pre-booking request - H\u00f4tel du Cap","description":"Vous souhaitez r\u00e9server une chambre, utilisez notre formulaire de pr\u00e9-r\u00e9servation en ligne. ou contactez nous au 06 70 17 60 55","robots":{"index":"index","follow":"follow","max-snippet":"max-snippet:-1","max-image-preview":"max-image-preview:large","max-video-preview":"max-video-preview:-1"},"canonical":"https:\/\/www.hotelducap.net\/en\/reservation-request\/","og_locale":"en_US","og_type":"article","og_title":"Pre-booking request - H\u00f4tel du Cap","og_description":"Vous souhaitez r\u00e9server une chambre, utilisez notre formulaire de pr\u00e9-r\u00e9servation en ligne. ou contactez nous au 06 70 17 60 55","og_url":"https:\/\/www.hotelducap.net\/en\/reservation-request\/","og_site_name":"H\u00f4tel du Cap","article_modified_time":"2025-12-08T10:00:21+00:00","twitter_card":"summary_large_image","twitter_misc":{"Est. reading time":"2 minutes"},"schema":{"@context":"https:\/\/schema.org","@graph":[{"@type":"WebPage","@id":"https:\/\/www.hotelducap.net\/en\/reservation-request\/","url":"https:\/\/www.hotelducap.net\/en\/reservation-request\/","name":"Pre-booking request - H\u00f4tel du Cap","isPartOf":{"@id":"https:\/\/www.hotelducap.net\/#website"},"datePublished":"2023-08-24T10:41:11+00:00","dateModified":"2025-12-08T10:00:21+00:00","description":"Vous souhaitez r\u00e9server une chambre, utilisez notre formulaire de pr\u00e9-r\u00e9servation en ligne. ou contactez nous au 06 70 17 60 55","breadcrumb":{"@id":"https:\/\/www.hotelducap.net\/en\/reservation-request\/#breadcrumb"},"inLanguage":"en-US","potentialAction":[{"@type":"ReadAction","target":["https:\/\/www.hotelducap.net\/en\/reservation-request\/"]}]},{"@type":"BreadcrumbList","@id":"https:\/\/www.hotelducap.net\/en\/reservation-request\/#breadcrumb","itemListElement":[{"@type":"ListItem","position":1,"name":"Accueil","item":"https:\/\/www.hotelducap.net\/en\/"},{"@type":"ListItem","position":2,"name":"Pre-booking request"}]},{"@type":"WebSite","@id":"https:\/\/www.hotelducap.net\/#website","url":"https:\/\/www.hotelducap.net\/","name":"H\u00f4tel du Cap","description":"","potentialAction":[{"@type":"SearchAction","target":{"@type":"EntryPoint","urlTemplate":"https:\/\/www.hotelducap.net\/?s={search_term_string}"},"query-input":{"@type":"PropertyValueSpecification","valueRequired":true,"valueName":"search_term_string"}}],"inLanguage":"en-US"}]}},"_links":{"self":[{"href":"https:\/\/www.hotelducap.net\/en\/wp-json\/wp\/v2\/pages\/3915","targetHints":{"allow":["GET"]}}],"collection":[{"href":"https:\/\/www.hotelducap.net\/en\/wp-json\/wp\/v2\/pages"}],"about":[{"href":"https:\/\/www.hotelducap.net\/en\/wp-json\/wp\/v2\/types\/page"}],"author":[{"embeddable":true,"href":"https:\/\/www.hotelducap.net\/en\/wp-json\/wp\/v2\/users\/2"}],"replies":[{"embeddable":true,"href":"https:\/\/www.hotelducap.net\/en\/wp-json\/wp\/v2\/comments?post=3915"}],"version-history":[{"count":0,"href":"https:\/\/www.hotelducap.net\/en\/wp-json\/wp\/v2\/pages\/3915\/revisions"}],"wp:attachment":[{"href":"https:\/\/www.hotelducap.net\/en\/wp-json\/wp\/v2\/media?parent=3915"}],"curies":[{"name":"wp","href":"https:\/\/api.w.org\/{rel}","templated":true}]}}