{"id":3772,"date":"2023-07-27T22:52:48","date_gmt":"2023-07-27T20:52:48","guid":{"rendered":"http:\/\/hotelducap.webtest.me\/mentions-legales\/"},"modified":"2024-05-12T23:53:28","modified_gmt":"2024-05-12T21:53:28","slug":"legal-information","status":"publish","type":"page","link":"https:\/\/www.hotelducap.net\/en\/legal-information\/","title":{"rendered":"Legal information"},"content":{"rendered":"<div class=\"wpb-content-wrapper\"><p>[vc_row][vc_column][vc_column_text]<\/p>\n<h2 style=\"text-align: center;\">H\u00f4tel du Cap<\/h2>\n<p style=\"text-align: center;\"><strong>Manager:<\/strong><br \/>\nMme Marie Loub\u00e8re<\/p>\n<p style=\"text-align: center;\"><strong>Head Office:<\/strong><br \/>\n63, rue de l&#8217;\u00e9glise &#8211; 50440 AUDERVILLE<br \/>\nT\u00e9l. : 06 70 17 60 55<\/p>\n<p style=\"text-align: center;\">SIRET : 92280059400017<\/p>\n<p style=\"text-align: center;\"><strong>Publication manager:<\/strong> Mme Marie Loub\u00e8re<\/p>\n<h4 style=\"text-align: center;\"><strong>Website creation<\/strong><\/h4>\n<p style=\"text-align: center;\"><strong>Alexandre Lemelle<\/strong><br \/>\n1 cit\u00e9 Jean-Baptiste Lebas 50110 Tourlaville, Cherbourg-en-Cotentin<br \/>\nT\u00e9l. : 06 64 98 03 30<br \/>\n<a href=\"https:\/\/www.webcom.me\/\" target=\"_blank\" rel=\"noopener noreferrer\">www.webcom.me<\/a><\/p>\n<h4 style=\"text-align: center;\"><strong>Hosting<\/strong><\/h4>\n<p style=\"text-align: center;\"><strong>OVH<\/strong>, 140 quai du Sartel, 59100 Roubaix<br \/>\nT\u00e9l. : 0899 701 761<\/p>\n<p>[\/vc_column_text][\/vc_column][\/vc_row]<\/p>\n<\/div>","protected":false},"excerpt":{"rendered":"<p> H\u00f4tel du Cap Manager: Mme Marie Loub\u00e8re Head Office: 63, rue de l&#8217;\u00e9glise &#8211; 50440 AUDERVILLE T\u00e9l. : 06 70 17 60 55 SIRET : 92280059400017 Publication manager: Mme Marie Loub\u00e8re Website creation Alexandre Lemelle 1 cit\u00e9 Jean-Baptiste Lebas 50110 Tourlaville, Cherbourg-en-Cotentin T\u00e9l. : 06 64 98 03 30 www.webcom.me Hosting OVH, 140 quai du Sartel, 59100 Roubaix T\u00e9l. : 0899 701 761 <\/p>\n","protected":false},"author":2,"featured_media":0,"parent":0,"menu_order":0,"comment_status":"closed","ping_status":"closed","template":"","meta":{"footnotes":""},"class_list":["post-3772","page","type-page","status-publish","hentry"],"yoast_head":"<!-- This site is optimized with the Yoast SEO plugin v27.2 - https:\/\/yoast.com\/product\/yoast-seo-wordpress\/ -->\n<title>Legal information - H\u00f4tel du Cap<\/title>\n<meta name=\"robots\" content=\"index, follow, max-snippet:-1, max-image-preview:large, max-video-preview:-1\" \/>\n<link rel=\"canonical\" href=\"https:\/\/www.hotelducap.net\/en\/legal-information\/\" \/>\n<meta property=\"og:locale\" content=\"en_US\" \/>\n<meta property=\"og:type\" content=\"article\" \/>\n<meta property=\"og:title\" content=\"Legal information - H\u00f4tel du Cap\" \/>\n<meta property=\"og:description\" content=\"H\u00f4tel du Cap Manager: Mme Marie Loub\u00e8re Head Office: 63, rue de l&#8217;\u00e9glise &#8211; 50440 AUDERVILLE T\u00e9l. : 06 70 17 60 55 SIRET : 92280059400017 Publication manager: Mme Marie Loub\u00e8re Website creation Alexandre Lemelle 1 cit\u00e9 Jean-Baptiste Lebas 50110 Tourlaville, Cherbourg-en-Cotentin T\u00e9l. : 06 64 98 03 30 www.webcom.me Hosting OVH, 140 quai du Sartel, 59100 Roubaix T\u00e9l. : 0899 701 761\" \/>\n<meta property=\"og:url\" content=\"https:\/\/www.hotelducap.net\/en\/legal-information\/\" \/>\n<meta property=\"og:site_name\" content=\"H\u00f4tel du Cap\" \/>\n<meta property=\"article:modified_time\" content=\"2024-05-12T21:53:28+00:00\" \/>\n<meta name=\"twitter:card\" content=\"summary_large_image\" \/>\n<meta name=\"twitter:label1\" content=\"Est. reading time\" \/>\n\t<meta name=\"twitter:data1\" content=\"1 minute\" \/>\n<script type=\"application\/ld+json\" class=\"yoast-schema-graph\">{\"@context\":\"https:\/\/schema.org\",\"@graph\":[{\"@type\":\"WebPage\",\"@id\":\"https:\/\/www.hotelducap.net\/en\/legal-information\/\",\"url\":\"https:\/\/www.hotelducap.net\/en\/legal-information\/\",\"name\":\"Legal information - H\u00f4tel du Cap\",\"isPartOf\":{\"@id\":\"https:\/\/www.hotelducap.net\/#website\"},\"datePublished\":\"2023-07-27T20:52:48+00:00\",\"dateModified\":\"2024-05-12T21:53:28+00:00\",\"breadcrumb\":{\"@id\":\"https:\/\/www.hotelducap.net\/en\/legal-information\/#breadcrumb\"},\"inLanguage\":\"en-US\",\"potentialAction\":[{\"@type\":\"ReadAction\",\"target\":[\"https:\/\/www.hotelducap.net\/en\/legal-information\/\"]}]},{\"@type\":\"BreadcrumbList\",\"@id\":\"https:\/\/www.hotelducap.net\/en\/legal-information\/#breadcrumb\",\"itemListElement\":[{\"@type\":\"ListItem\",\"position\":1,\"name\":\"Accueil\",\"item\":\"https:\/\/www.hotelducap.net\/en\/\"},{\"@type\":\"ListItem\",\"position\":2,\"name\":\"Legal information\"}]},{\"@type\":\"WebSite\",\"@id\":\"https:\/\/www.hotelducap.net\/#website\",\"url\":\"https:\/\/www.hotelducap.net\/\",\"name\":\"H\u00f4tel du Cap\",\"description\":\"\",\"potentialAction\":[{\"@type\":\"SearchAction\",\"target\":{\"@type\":\"EntryPoint\",\"urlTemplate\":\"https:\/\/www.hotelducap.net\/?s={search_term_string}\"},\"query-input\":{\"@type\":\"PropertyValueSpecification\",\"valueRequired\":true,\"valueName\":\"search_term_string\"}}],\"inLanguage\":\"en-US\"}]}<\/script>\n<!-- \/ Yoast SEO plugin. -->","yoast_head_json":{"title":"Legal information - H\u00f4tel du Cap","robots":{"index":"index","follow":"follow","max-snippet":"max-snippet:-1","max-image-preview":"max-image-preview:large","max-video-preview":"max-video-preview:-1"},"canonical":"https:\/\/www.hotelducap.net\/en\/legal-information\/","og_locale":"en_US","og_type":"article","og_title":"Legal information - H\u00f4tel du Cap","og_description":"H\u00f4tel du Cap Manager: Mme Marie Loub\u00e8re Head Office: 63, rue de l&#8217;\u00e9glise &#8211; 50440 AUDERVILLE T\u00e9l. : 06 70 17 60 55 SIRET : 92280059400017 Publication manager: Mme Marie Loub\u00e8re Website creation Alexandre Lemelle 1 cit\u00e9 Jean-Baptiste Lebas 50110 Tourlaville, Cherbourg-en-Cotentin T\u00e9l. : 06 64 98 03 30 www.webcom.me Hosting OVH, 140 quai du Sartel, 59100 Roubaix T\u00e9l. : 0899 701 761","og_url":"https:\/\/www.hotelducap.net\/en\/legal-information\/","og_site_name":"H\u00f4tel du Cap","article_modified_time":"2024-05-12T21:53:28+00:00","twitter_card":"summary_large_image","twitter_misc":{"Est. reading time":"1 minute"},"schema":{"@context":"https:\/\/schema.org","@graph":[{"@type":"WebPage","@id":"https:\/\/www.hotelducap.net\/en\/legal-information\/","url":"https:\/\/www.hotelducap.net\/en\/legal-information\/","name":"Legal information - H\u00f4tel du Cap","isPartOf":{"@id":"https:\/\/www.hotelducap.net\/#website"},"datePublished":"2023-07-27T20:52:48+00:00","dateModified":"2024-05-12T21:53:28+00:00","breadcrumb":{"@id":"https:\/\/www.hotelducap.net\/en\/legal-information\/#breadcrumb"},"inLanguage":"en-US","potentialAction":[{"@type":"ReadAction","target":["https:\/\/www.hotelducap.net\/en\/legal-information\/"]}]},{"@type":"BreadcrumbList","@id":"https:\/\/www.hotelducap.net\/en\/legal-information\/#breadcrumb","itemListElement":[{"@type":"ListItem","position":1,"name":"Accueil","item":"https:\/\/www.hotelducap.net\/en\/"},{"@type":"ListItem","position":2,"name":"Legal information"}]},{"@type":"WebSite","@id":"https:\/\/www.hotelducap.net\/#website","url":"https:\/\/www.hotelducap.net\/","name":"H\u00f4tel du Cap","description":"","potentialAction":[{"@type":"SearchAction","target":{"@type":"EntryPoint","urlTemplate":"https:\/\/www.hotelducap.net\/?s={search_term_string}"},"query-input":{"@type":"PropertyValueSpecification","valueRequired":true,"valueName":"search_term_string"}}],"inLanguage":"en-US"}]}},"_links":{"self":[{"href":"https:\/\/www.hotelducap.net\/en\/wp-json\/wp\/v2\/pages\/3772","targetHints":{"allow":["GET"]}}],"collection":[{"href":"https:\/\/www.hotelducap.net\/en\/wp-json\/wp\/v2\/pages"}],"about":[{"href":"https:\/\/www.hotelducap.net\/en\/wp-json\/wp\/v2\/types\/page"}],"author":[{"embeddable":true,"href":"https:\/\/www.hotelducap.net\/en\/wp-json\/wp\/v2\/users\/2"}],"replies":[{"embeddable":true,"href":"https:\/\/www.hotelducap.net\/en\/wp-json\/wp\/v2\/comments?post=3772"}],"version-history":[{"count":0,"href":"https:\/\/www.hotelducap.net\/en\/wp-json\/wp\/v2\/pages\/3772\/revisions"}],"wp:attachment":[{"href":"https:\/\/www.hotelducap.net\/en\/wp-json\/wp\/v2\/media?parent=3772"}],"curies":[{"name":"wp","href":"https:\/\/api.w.org\/{rel}","templated":true}]}}