{"id":3761,"date":"2023-07-27T22:34:43","date_gmt":"2023-07-27T20:34:43","guid":{"rendered":"http:\/\/hotelducap.webtest.me\/activites-adresses\/"},"modified":"2025-12-16T09:38:14","modified_gmt":"2025-12-16T08:38:14","slug":"environment","status":"publish","type":"page","link":"https:\/\/www.hotelducap.net\/en\/environment\/","title":{"rendered":"Exploring the &#8220;Terre Bleue&#8221; of Cotentin from the Goury lighthouse, at the tip of La Hague"},"content":{"rendered":"<div class=\"wpb-content-wrapper\"><p>[vc_row full_width=&#8221;stretch_row_content_no_spaces&#8221;][vc_column][vc_column_text css=&#8221;.vc_custom_1709648651560{padding-top: 300px !important;padding-bottom: 300px !important;}&#8221;]<iframe loading=\"lazy\" style=\"overflow: hidden; overflow-x: hidden; overflow-y: hidden; height: 600px; width: 100%; position: absolute; top: 0px; left: 0px; right: 0px; bottom: 0px;\" src=\"https:\/\/www.hotelducap.net\/panorama\/pano_goury.html\" width=\"100%\" height=\"600\" frameborder=\"0\"><\/iframe>[\/vc_column_text][\/vc_column][\/vc_row][vc_row][vc_column][vc_empty_space][vc_btn title=&#8221;Weather and Webcams&#8221; style=&#8221;flat&#8221; shape=&#8221;square&#8221; color=&#8221;chino&#8221; align=&#8221;center&#8221; i_icon_fontawesome=&#8221;fas fa-play-circle&#8221; css_animation=&#8221;fadeIn&#8221; add_icon=&#8221;true&#8221; link=&#8221;url:https%3A%2F%2Fwww.encotentin.fr%2Flive%2F||target:%20_blank|&#8221;][\/vc_column][\/vc_row][vc_row][vc_column][vc_empty_space][\/vc_column][\/vc_row][vc_row full_width=&#8221;stretch_row_content_no_spaces&#8221;][vc_column][vc_media_grid element_width=&#8221;2&#8243; grid_id=&#8221;vc_gid:1765874262048-84fcbd5e-43ee-8&#8243; include=&#8221;4783,4785,4787,4789,4791,4795,4797,4799,4801,4805,4807,4753&#8243;][\/vc_column][\/vc_row][vc_row][vc_column][vc_btn title=&#8221;Boook your stay&#8221; style=&#8221;flat&#8221; shape=&#8221;square&#8221; color=&#8221;chino&#8221; align=&#8221;center&#8221; i_icon_fontawesome=&#8221;far fa-calendar-alt&#8221; css_animation=&#8221;fadeInDown&#8221; add_icon=&#8221;true&#8221; link=&#8221;url:https%3A%2F%2Fwww.hotelducap.net%2Fen%2Freservation-request%2F|title:Demande%20de%20Pr%C3%A9-r%C3%A9servation||&#8221;][\/vc_column][\/vc_row][vc_row full_width=&#8221;stretch_row_content_no_spaces&#8221; css=&#8221;.vc_custom_1709651626053{background-color: #75a5a5 !important;}&#8221;][vc_column][vc_column_text css_animation=&#8221;fadeIn&#8221;]<\/p>\n<h2 style=\"text-align: center; color: #fff;\">On foot, by bike, on horseback, by boat \u2026.. or simply sitting to contemplate these preserved lands\u2026<\/h2>\n<p>[\/vc_column_text][\/vc_column][\/vc_row][vc_row gap=&#8221;15&#8243;][vc_column width=&#8221;1\/2&#8243;][vc_column_text css_animation=&#8221;fadeIn&#8221; css=&#8221;.vc_custom_1765874293382{padding-right: 10px !important;padding-left: 10px !important;}&#8221;]At all seasons, La Hague reveals the purity of its light and its colors with infinite shades. The landscapes form paintings with magical shades where the sea plays with the sky until the dazzling twilight.<\/p>\n<p>In the evenings, the light of the night still offers variations of skies ranging from the darkest black, of legends or smuggling, to the revelation of constellations and \u00abstar rains \u00bb which give vertigo by their number and beauty.<\/p>\n<p>Within this site classified by the DREAL, in a registered village and a preserved environment with wild and exceptional beauty, our Hotel is an ideal refuge to radiate and discover the Cotentin:<\/p>\n<p>Whether you are looking to escape for a weekend or more, according to your desires, in this part of the world that invites you to travel, we will suggest some hiking loops, visits, discoveries and good restaurants of La Hague:<\/p>\n<p>&#8220;<a href=\"https:\/\/www.lamalleauxepices.fr\/\" target=\"_blank\" rel=\"noopener\">La malle aux \u00e9pices<\/a>, <a href=\"https:\/\/www.hotelrestauranthague.com\/\" target=\"_blank\" rel=\"noopener\">le restaurant La Hague<\/a>, <a href=\"https:\/\/www.optitcrabe-restaurant.fr\/\" target=\"_blank\" rel=\"noopener\">le Petit Crabe<\/a>, l\u2019<a href=\"https:\/\/www.aubergedesgrottes.com\/\" target=\"_blank\" rel=\"noopener\">Auberge des Grottes<\/a>, <a href=\"https:\/\/www.facebook.com\/profile.php?id=100094666189561\" target=\"_blank\" rel=\"noopener\">Le Racine<\/a>,<a href=\"https:\/\/www.instagram.com\/l.odymate\/\" target=\"_blank\" rel=\"noopener\"> l&#8217;Odymate<\/a>, <a href=\"https:\/\/www.lestamarins.com\/\" target=\"_blank\" rel=\"noopener\">les Tamarins<\/a>\u00a0et la Cabane des Tamarins, Le\u00a0<a href=\"https:\/\/www.facebook.com\/p\/Caf%C3%A9-du-port-Omonville-la-rogue-100063766501326\/?locale=fr_FR\" target=\"_blank\" rel=\"noopener\">Caf\u00e9 du Port<\/a>, <a href=\"https:\/\/www.aubergedesgoubelins.com\" target=\"_blank\" rel=\"noopener\">l\u2019Auberge des Goubelins<\/a>, <a href=\"https:\/\/www.le-moulin-a-vent.fr\/\" target=\"_blank\" rel=\"noopener\">Le Moulin \u00e0 vent<\/a>,\u00a0<a href=\"https:\/\/www.facebook.com\/langelusgreville\" target=\"_blank\" rel=\"noopener\">L\u2019angelus \u00e0 Greville-hague<\/a>, <a href=\"https:\/\/www.facebook.com\/LaGravelette\/?locale=fr_FR\" target=\"_blank\" rel=\"noopener\">la cr\u00eaperie La Gravelette<\/a>,\u00a0<a href=\"https:\/\/larenardierevauville.blog4ever.com\/\" target=\"_blank\" rel=\"noopener\">La\u00a0 Renardi\u00e8re<\/a>, <a href=\"https:\/\/www.facebook.com\/fishandchipsgoury\/?locale=fr_FR\" target=\"_blank\" rel=\"noopener\">Le fish and chips du port de Goury&#8221;<\/a>.<\/p>\n<p>From April to September, La Hague Tourism Office also offers a wide choice of themed hikes : <a href=\"https:\/\/www.encotentin.fr\/la-hague\">La Hague Tourisme<\/a> et <a href=\"https:\/\/www.cotentin-tourisme-normandie.fr\/\" target=\"_blank\" rel=\"noopener\">Cotentin Tourisme.<\/a><\/p>\n<p>[\/vc_column_text][\/vc_column][vc_column width=&#8221;1\/2&#8243;][vc_row_inner][vc_column_inner width=&#8221;1\/2&#8243;][vc_single_image image=&#8221;4739&#8243; img_size=&#8221;350&#215;650&#8243; alignment=&#8221;center&#8221; onclick=&#8221;link_image&#8221; css_animation=&#8221;fadeIn&#8221;][\/vc_column_inner][vc_column_inner width=&#8221;1\/2&#8243;][vc_single_image image=&#8221;4741&#8243; img_size=&#8221;350&#215;650&#8243; alignment=&#8221;center&#8221; onclick=&#8221;link_image&#8221; css_animation=&#8221;fadeIn&#8221;][\/vc_column_inner][\/vc_row_inner][vc_single_image image=&#8221;4680&#8243; img_size=&#8221;550&#215;290&#8243; alignment=&#8221;center&#8221; onclick=&#8221;link_image&#8221; css_animation=&#8221;fadeIn&#8221;][\/vc_column][\/vc_row][vc_row gap=&#8221;15&#8243; equal_height=&#8221;yes&#8221;][vc_column width=&#8221;1\/2&#8243; css=&#8221;.vc_custom_1709651121519{border-radius: 10px !important;}&#8221;][vc_single_image image=&#8221;4765&#8243; img_size=&#8221;550&#215;250&#8243; alignment=&#8221;center&#8221; onclick=&#8221;link_image&#8221; css_animation=&#8221;fadeIn&#8221;][vc_column_text css_animation=&#8221;fadeIn&#8221;]<\/p>\n<h3>West side<\/h3>\n<p>The wonderful <strong>coastal path linking GR 223<\/strong> and the old customs trail, furrows between land and sea, revealing a path marked by legends:<br \/>\n<strong>the bay of Ecalgrain<\/strong>, the cliffs of the <strong>Nez de Jobourg<\/strong>. Then Vauville, with its manor and its superb botanical garden.<\/p>\n<p>Then come <strong>the nature reserve of the Mare de Vauville<\/strong>, gateway to the dunes of Biville, and the majestic expanse of the Anse de Vauville\u2026[\/vc_column_text][\/vc_column][vc_column width=&#8221;1\/2&#8243; css=&#8221;.vc_custom_1709651113808{border-radius: 10px !important;}&#8221;][vc_single_image image=&#8221;4763&#8243; img_size=&#8221;550&#215;250&#8243; alignment=&#8221;center&#8221; onclick=&#8221;link_image&#8221; css_animation=&#8221;fadeIn&#8221;][vc_column_text css_animation=&#8221;fadeIn&#8221;]<\/p>\n<h3>East side<\/h3>\n<p>The smallest port in France, <strong>Port Racine<\/strong>, hidden near the house of <strong>Jacques Pr\u00e9vert<\/strong> and gardens in his honor.<\/p>\n<p>Anse Saint Martin \u2026. A stone\u2019s throw away, the house of <strong>Jean-Fran\u00e7ois Millet<\/strong> and the landscapes of the painter. Then, the impressive <strong>manor farm of Tourp<\/strong>, high place of culture. Still in the direction of Landemer, dear to Boris Vian, the manor of Dur Ecu and <strong>the castle of Nacqueville<\/strong> and its sublime park, close the doors of La Hague.[\/vc_column_text][\/vc_column][\/vc_row]<\/p>\n<\/div>","protected":false},"excerpt":{"rendered":"<p> On foot, by bike, on horseback, by boat \u2026.. or simply sitting to contemplate these preserved lands\u2026 At all seasons, La Hague reveals the purity of its light and its colors with infinite shades. The landscapes form paintings with magical shades where the sea plays with the sky until the dazzling twilight. <\/p>\n","protected":false},"author":2,"featured_media":0,"parent":0,"menu_order":0,"comment_status":"closed","ping_status":"closed","template":"","meta":{"footnotes":""},"class_list":["post-3761","page","type-page","status-publish","hentry"],"yoast_head":"<!-- This site is optimized with the Yoast SEO plugin v27.2 - https:\/\/yoast.com\/product\/yoast-seo-wordpress\/ -->\n<title>H\u00f4tel du Cap - Vue sur le phare de Goury, \u00e0 la pointe de la Hague<\/title>\n<meta name=\"description\" content=\"D\u00e9couvrez le Cotentin ! Terre de charme, de calme et d&#039;accueil. Eloignez-vous du phare de Goury et visitez la pointe de la Hague\" \/>\n<meta name=\"robots\" content=\"index, follow, max-snippet:-1, max-image-preview:large, max-video-preview:-1\" \/>\n<link rel=\"canonical\" href=\"https:\/\/www.hotelducap.net\/en\/environment\/\" \/>\n<meta property=\"og:locale\" content=\"en_US\" \/>\n<meta property=\"og:type\" content=\"article\" \/>\n<meta property=\"og:title\" content=\"H\u00f4tel du Cap - Vue sur le phare de Goury, \u00e0 la pointe de la Hague\" \/>\n<meta property=\"og:description\" content=\"D\u00e9couvrez le Cotentin ! Terre de charme, de calme et d&#039;accueil. Eloignez-vous du phare de Goury et visitez la pointe de la Hague\" \/>\n<meta property=\"og:url\" content=\"https:\/\/www.hotelducap.net\/en\/environment\/\" \/>\n<meta property=\"og:site_name\" content=\"H\u00f4tel du Cap\" \/>\n<meta property=\"article:modified_time\" content=\"2025-12-16T08:38:14+00:00\" \/>\n<meta name=\"twitter:card\" content=\"summary_large_image\" \/>\n<meta name=\"twitter:label1\" content=\"Est. reading time\" \/>\n\t<meta name=\"twitter:data1\" content=\"6 minutes\" \/>\n<script type=\"application\/ld+json\" class=\"yoast-schema-graph\">{\"@context\":\"https:\/\/schema.org\",\"@graph\":[{\"@type\":\"WebPage\",\"@id\":\"https:\/\/www.hotelducap.net\/en\/environment\/\",\"url\":\"https:\/\/www.hotelducap.net\/en\/environment\/\",\"name\":\"H\u00f4tel du Cap - Vue sur le phare de Goury, \u00e0 la pointe de la Hague\",\"isPartOf\":{\"@id\":\"https:\/\/www.hotelducap.net\/#website\"},\"datePublished\":\"2023-07-27T20:34:43+00:00\",\"dateModified\":\"2025-12-16T08:38:14+00:00\",\"description\":\"D\u00e9couvrez le Cotentin ! Terre de charme, de calme et d'accueil. Eloignez-vous du phare de Goury et visitez la pointe de la Hague\",\"breadcrumb\":{\"@id\":\"https:\/\/www.hotelducap.net\/en\/environment\/#breadcrumb\"},\"inLanguage\":\"en-US\",\"potentialAction\":[{\"@type\":\"ReadAction\",\"target\":[\"https:\/\/www.hotelducap.net\/en\/environment\/\"]}]},{\"@type\":\"BreadcrumbList\",\"@id\":\"https:\/\/www.hotelducap.net\/en\/environment\/#breadcrumb\",\"itemListElement\":[{\"@type\":\"ListItem\",\"position\":1,\"name\":\"Accueil\",\"item\":\"https:\/\/www.hotelducap.net\/en\/\"},{\"@type\":\"ListItem\",\"position\":2,\"name\":\"Exploring the \u00ab\u00a0Terre Bleue\u00a0\u00bb of Cotentin from the Goury lighthouse, at the tip of La Hague\"}]},{\"@type\":\"WebSite\",\"@id\":\"https:\/\/www.hotelducap.net\/#website\",\"url\":\"https:\/\/www.hotelducap.net\/\",\"name\":\"H\u00f4tel du Cap\",\"description\":\"\",\"potentialAction\":[{\"@type\":\"SearchAction\",\"target\":{\"@type\":\"EntryPoint\",\"urlTemplate\":\"https:\/\/www.hotelducap.net\/?s={search_term_string}\"},\"query-input\":{\"@type\":\"PropertyValueSpecification\",\"valueRequired\":true,\"valueName\":\"search_term_string\"}}],\"inLanguage\":\"en-US\"}]}<\/script>\n<!-- \/ Yoast SEO plugin. -->","yoast_head_json":{"title":"H\u00f4tel du Cap - Vue sur le phare de Goury, \u00e0 la pointe de la Hague","description":"D\u00e9couvrez le Cotentin ! Terre de charme, de calme et d'accueil. Eloignez-vous du phare de Goury et visitez la pointe de la Hague","robots":{"index":"index","follow":"follow","max-snippet":"max-snippet:-1","max-image-preview":"max-image-preview:large","max-video-preview":"max-video-preview:-1"},"canonical":"https:\/\/www.hotelducap.net\/en\/environment\/","og_locale":"en_US","og_type":"article","og_title":"H\u00f4tel du Cap - Vue sur le phare de Goury, \u00e0 la pointe de la Hague","og_description":"D\u00e9couvrez le Cotentin ! Terre de charme, de calme et d'accueil. Eloignez-vous du phare de Goury et visitez la pointe de la Hague","og_url":"https:\/\/www.hotelducap.net\/en\/environment\/","og_site_name":"H\u00f4tel du Cap","article_modified_time":"2025-12-16T08:38:14+00:00","twitter_card":"summary_large_image","twitter_misc":{"Est. reading time":"6 minutes"},"schema":{"@context":"https:\/\/schema.org","@graph":[{"@type":"WebPage","@id":"https:\/\/www.hotelducap.net\/en\/environment\/","url":"https:\/\/www.hotelducap.net\/en\/environment\/","name":"H\u00f4tel du Cap - Vue sur le phare de Goury, \u00e0 la pointe de la Hague","isPartOf":{"@id":"https:\/\/www.hotelducap.net\/#website"},"datePublished":"2023-07-27T20:34:43+00:00","dateModified":"2025-12-16T08:38:14+00:00","description":"D\u00e9couvrez le Cotentin ! Terre de charme, de calme et d'accueil. Eloignez-vous du phare de Goury et visitez la pointe de la Hague","breadcrumb":{"@id":"https:\/\/www.hotelducap.net\/en\/environment\/#breadcrumb"},"inLanguage":"en-US","potentialAction":[{"@type":"ReadAction","target":["https:\/\/www.hotelducap.net\/en\/environment\/"]}]},{"@type":"BreadcrumbList","@id":"https:\/\/www.hotelducap.net\/en\/environment\/#breadcrumb","itemListElement":[{"@type":"ListItem","position":1,"name":"Accueil","item":"https:\/\/www.hotelducap.net\/en\/"},{"@type":"ListItem","position":2,"name":"Exploring the \u00ab\u00a0Terre Bleue\u00a0\u00bb of Cotentin from the Goury lighthouse, at the tip of La Hague"}]},{"@type":"WebSite","@id":"https:\/\/www.hotelducap.net\/#website","url":"https:\/\/www.hotelducap.net\/","name":"H\u00f4tel du Cap","description":"","potentialAction":[{"@type":"SearchAction","target":{"@type":"EntryPoint","urlTemplate":"https:\/\/www.hotelducap.net\/?s={search_term_string}"},"query-input":{"@type":"PropertyValueSpecification","valueRequired":true,"valueName":"search_term_string"}}],"inLanguage":"en-US"}]}},"_links":{"self":[{"href":"https:\/\/www.hotelducap.net\/en\/wp-json\/wp\/v2\/pages\/3761","targetHints":{"allow":["GET"]}}],"collection":[{"href":"https:\/\/www.hotelducap.net\/en\/wp-json\/wp\/v2\/pages"}],"about":[{"href":"https:\/\/www.hotelducap.net\/en\/wp-json\/wp\/v2\/types\/page"}],"author":[{"embeddable":true,"href":"https:\/\/www.hotelducap.net\/en\/wp-json\/wp\/v2\/users\/2"}],"replies":[{"embeddable":true,"href":"https:\/\/www.hotelducap.net\/en\/wp-json\/wp\/v2\/comments?post=3761"}],"version-history":[{"count":0,"href":"https:\/\/www.hotelducap.net\/en\/wp-json\/wp\/v2\/pages\/3761\/revisions"}],"wp:attachment":[{"href":"https:\/\/www.hotelducap.net\/en\/wp-json\/wp\/v2\/media?parent=3761"}],"curies":[{"name":"wp","href":"https:\/\/api.w.org\/{rel}","templated":true}]}}