{"id":3749,"date":"2023-07-27T22:21:51","date_gmt":"2023-07-27T20:21:51","guid":{"rendered":"http:\/\/hotelducap.webtest.me\/gite\/"},"modified":"2024-04-24T14:40:16","modified_gmt":"2024-04-24T12:40:16","slug":"rooms","status":"publish","type":"page","link":"https:\/\/www.hotelducap.net\/en\/rooms\/","title":{"rendered":"Twelve cosy rooms open to the Cape Sea, at the tip of La Hague"},"content":{"rendered":"<div class=\"wpb-content-wrapper\"><p>[vc_row full_width=&#8221;stretch_row_content_no_spaces&#8221;][vc_column][vc_media_grid element_width=&#8221;2&#8243; grid_id=&#8221;vc_gid:1713962387691-4b028f7e-a300-9&#8243; include=&#8221;4695,4994,4699,4701,4703,4705&#8243;][\/vc_column][\/vc_row][vc_row bg_type=&#8221;bg_color&#8221;][vc_column][vc_column_text css_animation=&#8221;fadeIn&#8221; css=&#8221;.vc_custom_1713368672151{padding-right: 10px !important;padding-left: 10px !important;}&#8221;]<\/p>\n<p style=\"text-align: center;\">Twelve cosy rooms open to the Cape Sea, at the tip of La Hague<\/p>\n<p style=\"text-align: center;\">Conducive to relaxation with comfortable and generous volumes, our rooms offer perspectives similar to living paintings, changing with the play of light, so particular:<\/p>\n<p style=\"text-align: center;\">Cape, moors, cliffs, Alderney island, Goury lighthouse and Raz Blanchard make up this unique landscape of La Hague, before your eyes.<\/p>\n<p style=\"text-align: center;\">Within this authentic setting, our rooms are established in the old outbuilding of a domain of the seventeenth century. Building marked by its environment and its seafarers, it is part of the history of this \u00ab\u00a0end of the world\u00a0\u00bb, long isolated.<\/p>\n<p style=\"text-align: center;\">Here, time becomes essential, calm and regenerating, combined with natural elements. And under the marvellous starry nights of the Cape, we find ourselves listening to the silence \u2026<\/p>\n<p>[\/vc_column_text][\/vc_column][\/vc_row][vc_row css=&#8221;.vc_custom_1709136120703{margin-top: 35px !important;margin-bottom: 35px !important;}&#8221;][vc_column width=&#8221;1\/6&#8243;][vc_single_image image=&#8221;4815&#8243; img_size=&#8221;100&#215;100&#8243; alignment=&#8221;center&#8221; css_animation=&#8221;top-to-bottom&#8221;][vc_column_text]<\/p>\n<p style=\"text-align: center;\">Room service<\/p>\n<p>[\/vc_column_text][\/vc_column][vc_column width=&#8221;1\/6&#8243;][vc_single_image image=&#8221;4809&#8243; img_size=&#8221;100&#215;100&#8243; alignment=&#8221;center&#8221; css_animation=&#8221;top-to-bottom&#8221;][vc_column_text]<\/p>\n<p style=\"text-align: center;\">Bar reserved for guests<\/p>\n<p>[\/vc_column_text][\/vc_column][vc_column width=&#8221;1\/6&#8243;][vc_single_image image=&#8221;4813&#8243; img_size=&#8221;100&#215;100&#8243; alignment=&#8221;center&#8221; css_animation=&#8221;top-to-bottom&#8221;][vc_column_text]<\/p>\n<p style=\"text-align: center;\">Lit queensize<\/p>\n<p>[\/vc_column_text][\/vc_column][vc_column width=&#8221;1\/6&#8243;][vc_single_image image=&#8221;4811&#8243; img_size=&#8221;100&#215;100&#8243; alignment=&#8221;center&#8221; css_animation=&#8221;top-to-bottom&#8221;][vc_column_text]<\/p>\n<p style=\"text-align: center;\">Walk-in showers or bathtubs<\/p>\n<p>[\/vc_column_text][\/vc_column][vc_column width=&#8221;1\/6&#8243;][vc_single_image image=&#8221;4817&#8243; img_size=&#8221;100&#215;100&#8243; alignment=&#8221;center&#8221; css_animation=&#8221;top-to-bottom&#8221;][vc_column_text]<\/p>\n<p style=\"text-align: center;\">Free WIFI<\/p>\n<p>[\/vc_column_text][\/vc_column][vc_column width=&#8221;1\/6&#8243;][vc_single_image image=&#8221;4819&#8243; img_size=&#8221;100&#215;100&#8243; alignment=&#8221;center&#8221; css_animation=&#8221;top-to-bottom&#8221;][vc_column_text]<\/p>\n<p style=\"text-align: center;\">Terrace and Private Garden<\/p>\n<p>[\/vc_column_text][\/vc_column][\/vc_row][vc_row full_width=&#8221;stretch_row_content_no_spaces&#8221;][vc_column][vc_media_grid element_width=&#8221;2&#8243; grid_id=&#8221;vc_gid:1713962387699-156c4fb7-fe1e-1&#8243; include=&#8221;4978,4980,4713,4982,4715,4984,5000,4986,4988,4719,4990,4992&#8243;][\/vc_column][\/vc_row][vc_row][vc_column][vc_btn title=&#8221;Prices &amp; Services&#8221; style=&#8221;flat&#8221; shape=&#8221;square&#8221; color=&#8221;chino&#8221; align=&#8221;center&#8221; i_type=&#8221;linecons&#8221; i_icon_linecons=&#8221;vc_li vc_li-star&#8221; css_animation=&#8221;fadeInDown&#8221; add_icon=&#8221;true&#8221; link=&#8221;url:https%3A%2F%2Fwww.hotelducap.net%2Fen%2Fprices-services%2F|title:Tarifs%20%26%20Services||&#8221;][\/vc_column][\/vc_row]<\/p>\n<\/div>","protected":false},"excerpt":{"rendered":"<p> Twelve cosy rooms open to the Cape Sea, at the tip of La Hague Conducive to relaxation with comfortable and generous volumes, our rooms offer perspectives similar to living paintings, changing with the play of light, so particular: Cape, moors, cliffs, Alderney island, Goury lighthouse and Raz Blanchard make up this unique landscape of La Hague, before your eyes. Within this authentic setting, our rooms are established in the old outbuilding of a domain of the seventeenth century. Building marked by its environment and its seafarers, it is <\/p>\n","protected":false},"author":2,"featured_media":0,"parent":0,"menu_order":0,"comment_status":"closed","ping_status":"closed","template":"","meta":{"footnotes":""},"class_list":["post-3749","page","type-page","status-publish","hentry"],"yoast_head":"<!-- This site is optimized with the Yoast SEO plugin v27.2 - https:\/\/yoast.com\/product\/yoast-seo-wordpress\/ -->\n<title>L&#039;H\u00f4tel du Cap - R\u00e9servez votre s\u00e9jour \u00e0 La Hague en Normandie<\/title>\n<meta name=\"description\" content=\"Dans l&#039;intimit\u00e9 d&#039;un cadre convivial et chaleureux, L&#039;H\u00f4tel du Cap dispose de 12 chambres spacieuses dont la plupart ont une vue sur la mer.\" \/>\n<meta name=\"robots\" content=\"index, follow, max-snippet:-1, max-image-preview:large, max-video-preview:-1\" \/>\n<link rel=\"canonical\" href=\"https:\/\/www.hotelducap.net\/en\/rooms\/\" \/>\n<meta property=\"og:locale\" content=\"en_US\" \/>\n<meta property=\"og:type\" content=\"article\" \/>\n<meta property=\"og:title\" content=\"L&#039;H\u00f4tel du Cap - R\u00e9servez votre s\u00e9jour \u00e0 La Hague en Normandie\" \/>\n<meta property=\"og:description\" content=\"Dans l&#039;intimit\u00e9 d&#039;un cadre convivial et chaleureux, L&#039;H\u00f4tel du Cap dispose de 12 chambres spacieuses dont la plupart ont une vue sur la mer.\" \/>\n<meta property=\"og:url\" content=\"https:\/\/www.hotelducap.net\/en\/rooms\/\" \/>\n<meta property=\"og:site_name\" content=\"H\u00f4tel du Cap\" \/>\n<meta property=\"article:modified_time\" content=\"2024-04-24T12:40:16+00:00\" \/>\n<meta name=\"twitter:card\" content=\"summary_large_image\" \/>\n<meta name=\"twitter:label1\" content=\"Est. reading time\" \/>\n\t<meta name=\"twitter:data1\" content=\"2 minutes\" \/>\n<script type=\"application\/ld+json\" class=\"yoast-schema-graph\">{\"@context\":\"https:\/\/schema.org\",\"@graph\":[{\"@type\":\"WebPage\",\"@id\":\"https:\/\/www.hotelducap.net\/en\/rooms\/\",\"url\":\"https:\/\/www.hotelducap.net\/en\/rooms\/\",\"name\":\"L'H\u00f4tel du Cap - R\u00e9servez votre s\u00e9jour \u00e0 La Hague en Normandie\",\"isPartOf\":{\"@id\":\"https:\/\/www.hotelducap.net\/#website\"},\"datePublished\":\"2023-07-27T20:21:51+00:00\",\"dateModified\":\"2024-04-24T12:40:16+00:00\",\"description\":\"Dans l'intimit\u00e9 d'un cadre convivial et chaleureux, L'H\u00f4tel du Cap dispose de 12 chambres spacieuses dont la plupart ont une vue sur la mer.\",\"breadcrumb\":{\"@id\":\"https:\/\/www.hotelducap.net\/en\/rooms\/#breadcrumb\"},\"inLanguage\":\"en-US\",\"potentialAction\":[{\"@type\":\"ReadAction\",\"target\":[\"https:\/\/www.hotelducap.net\/en\/rooms\/\"]}]},{\"@type\":\"BreadcrumbList\",\"@id\":\"https:\/\/www.hotelducap.net\/en\/rooms\/#breadcrumb\",\"itemListElement\":[{\"@type\":\"ListItem\",\"position\":1,\"name\":\"Accueil\",\"item\":\"https:\/\/www.hotelducap.net\/en\/\"},{\"@type\":\"ListItem\",\"position\":2,\"name\":\"Twelve cosy rooms open to the Cape Sea, at the tip of La Hague\"}]},{\"@type\":\"WebSite\",\"@id\":\"https:\/\/www.hotelducap.net\/#website\",\"url\":\"https:\/\/www.hotelducap.net\/\",\"name\":\"H\u00f4tel du Cap\",\"description\":\"\",\"potentialAction\":[{\"@type\":\"SearchAction\",\"target\":{\"@type\":\"EntryPoint\",\"urlTemplate\":\"https:\/\/www.hotelducap.net\/?s={search_term_string}\"},\"query-input\":{\"@type\":\"PropertyValueSpecification\",\"valueRequired\":true,\"valueName\":\"search_term_string\"}}],\"inLanguage\":\"en-US\"}]}<\/script>\n<!-- \/ Yoast SEO plugin. -->","yoast_head_json":{"title":"L'H\u00f4tel du Cap - R\u00e9servez votre s\u00e9jour \u00e0 La Hague en Normandie","description":"Dans l'intimit\u00e9 d'un cadre convivial et chaleureux, L'H\u00f4tel du Cap dispose de 12 chambres spacieuses dont la plupart ont une vue sur la mer.","robots":{"index":"index","follow":"follow","max-snippet":"max-snippet:-1","max-image-preview":"max-image-preview:large","max-video-preview":"max-video-preview:-1"},"canonical":"https:\/\/www.hotelducap.net\/en\/rooms\/","og_locale":"en_US","og_type":"article","og_title":"L'H\u00f4tel du Cap - R\u00e9servez votre s\u00e9jour \u00e0 La Hague en Normandie","og_description":"Dans l'intimit\u00e9 d'un cadre convivial et chaleureux, L'H\u00f4tel du Cap dispose de 12 chambres spacieuses dont la plupart ont une vue sur la mer.","og_url":"https:\/\/www.hotelducap.net\/en\/rooms\/","og_site_name":"H\u00f4tel du Cap","article_modified_time":"2024-04-24T12:40:16+00:00","twitter_card":"summary_large_image","twitter_misc":{"Est. reading time":"2 minutes"},"schema":{"@context":"https:\/\/schema.org","@graph":[{"@type":"WebPage","@id":"https:\/\/www.hotelducap.net\/en\/rooms\/","url":"https:\/\/www.hotelducap.net\/en\/rooms\/","name":"L'H\u00f4tel du Cap - R\u00e9servez votre s\u00e9jour \u00e0 La Hague en Normandie","isPartOf":{"@id":"https:\/\/www.hotelducap.net\/#website"},"datePublished":"2023-07-27T20:21:51+00:00","dateModified":"2024-04-24T12:40:16+00:00","description":"Dans l'intimit\u00e9 d'un cadre convivial et chaleureux, L'H\u00f4tel du Cap dispose de 12 chambres spacieuses dont la plupart ont une vue sur la mer.","breadcrumb":{"@id":"https:\/\/www.hotelducap.net\/en\/rooms\/#breadcrumb"},"inLanguage":"en-US","potentialAction":[{"@type":"ReadAction","target":["https:\/\/www.hotelducap.net\/en\/rooms\/"]}]},{"@type":"BreadcrumbList","@id":"https:\/\/www.hotelducap.net\/en\/rooms\/#breadcrumb","itemListElement":[{"@type":"ListItem","position":1,"name":"Accueil","item":"https:\/\/www.hotelducap.net\/en\/"},{"@type":"ListItem","position":2,"name":"Twelve cosy rooms open to the Cape Sea, at the tip of La Hague"}]},{"@type":"WebSite","@id":"https:\/\/www.hotelducap.net\/#website","url":"https:\/\/www.hotelducap.net\/","name":"H\u00f4tel du Cap","description":"","potentialAction":[{"@type":"SearchAction","target":{"@type":"EntryPoint","urlTemplate":"https:\/\/www.hotelducap.net\/?s={search_term_string}"},"query-input":{"@type":"PropertyValueSpecification","valueRequired":true,"valueName":"search_term_string"}}],"inLanguage":"en-US"}]}},"_links":{"self":[{"href":"https:\/\/www.hotelducap.net\/en\/wp-json\/wp\/v2\/pages\/3749","targetHints":{"allow":["GET"]}}],"collection":[{"href":"https:\/\/www.hotelducap.net\/en\/wp-json\/wp\/v2\/pages"}],"about":[{"href":"https:\/\/www.hotelducap.net\/en\/wp-json\/wp\/v2\/types\/page"}],"author":[{"embeddable":true,"href":"https:\/\/www.hotelducap.net\/en\/wp-json\/wp\/v2\/users\/2"}],"replies":[{"embeddable":true,"href":"https:\/\/www.hotelducap.net\/en\/wp-json\/wp\/v2\/comments?post=3749"}],"version-history":[{"count":0,"href":"https:\/\/www.hotelducap.net\/en\/wp-json\/wp\/v2\/pages\/3749\/revisions"}],"wp:attachment":[{"href":"https:\/\/www.hotelducap.net\/en\/wp-json\/wp\/v2\/media?parent=3749"}],"curies":[{"name":"wp","href":"https:\/\/api.w.org\/{rel}","templated":true}]}}