{"id":3740,"date":"2023-07-27T22:15:00","date_gmt":"2023-07-27T20:15:00","guid":{"rendered":"http:\/\/hotelducap.webtest.me\/bienvenue\/"},"modified":"2025-12-08T10:38:27","modified_gmt":"2025-12-08T09:38:27","slug":"bienvenue","status":"publish","type":"page","link":"https:\/\/www.hotelducap.net\/en\/","title":{"rendered":"Bienvenue"},"content":{"rendered":"<div class=\"wpb-content-wrapper\"><p>[vc_row full_width=&#8221;stretch_row_content_no_spaces&#8221;][vc_column css=&#8221;.vc_custom_1709032675114{margin-bottom: 0px !important;padding-bottom: 0px !important;}&#8221;][vc_gallery interval=&#8221;3&#8243; images=&#8221;4680&#8243; img_size=&#8221;1920&#215;550&#8243; onclick=&#8221;&#8221; css=&#8221;.vc_custom_1709649538025{margin-bottom: 0px !important;padding-bottom: 0px !important;}&#8221;][\/vc_column][\/vc_row][vc_row full_width=&#8221;stretch_row_content_no_spaces&#8221; css=&#8221;.vc_custom_1709139807281{background-color: #75a5a5 !important;}&#8221;][vc_column][vc_row_inner][vc_column_inner width=&#8221;1\/6&#8243;][\/vc_column_inner][vc_column_inner width=&#8221;2\/3&#8243;][vc_column_text css_animation=&#8221;fadeIn&#8221;]<\/p>\n<h1 style=\"text-align: center;\"><span style=\"color: #ffffff;\">Immersion in wild Normandy at the tip of La Hague.<\/span><\/h1>\n<p>[\/vc_column_text][\/vc_column_inner][vc_column_inner width=&#8221;1\/6&#8243;][\/vc_column_inner][\/vc_row_inner][\/vc_column][\/vc_row][vc_row full_width=&#8221;stretch_row&#8221; css=&#8221;.vc_custom_1709032548776{padding-top: 40px !important;padding-bottom: 40px !important;background-color: #ffffff !important;}&#8221;][vc_column][vc_column_text]<\/p>\n<h4 style=\"text-align: center;\">Overlooking the Cap de La Hague, our character house opens its doors to you for an invitation to travel, facing the Channel island of Alderney and the fascinating lighthouse of Goury built on the swell\u2026<\/h4>\n<p>[\/vc_column_text][\/vc_column][\/vc_row][vc_row full_width=&#8221;stretch_row&#8221; bg_type=&#8221;image&#8221; parallax_style=&#8221;vcpb-default&#8221; bg_image_new=&#8221;id^4856|url^https:\/\/www.hotelducap.net\/wp-content\/uploads\/2024\/03\/jardin-hotel-du-cap.png|caption^null|alt^null|title^jardin-hotel-du-cap|description^null&#8221; bg_image_repeat=&#8221;no-repeat&#8221; bg_img_attach=&#8221;fixed&#8221; css=&#8221;.vc_custom_1710938934977{padding-top: 22% !important;padding-bottom: 22% !important;background-position: center !important;background-repeat: no-repeat !important;background-size: cover !important;}&#8221;][vc_column][\/vc_column][\/vc_row][vc_row full_width=&#8221;stretch_row&#8221; css=&#8221;.vc_custom_1709139937225{padding-top: 40px !important;padding-bottom: 40px !important;background-color: #dbc1a3 !important;}&#8221;][vc_column][vc_column_text css_animation=&#8221;fadeIn&#8221; el_id=&#8221;text-blanc&#8221;]<\/p>\n<h2 style=\"text-align: center;\">Welcome to this wild moorland peninsula with its many landscapes.<br \/>\nYou are here at the \u00abend of the North-West lands\u00bb of the Cotentin, 25 km from Cherbourg, on the coasts of La Manche.<\/h2>\n<p>[\/vc_column_text][\/vc_column][\/vc_row][vc_row][vc_column][vc_empty_space][\/vc_column][\/vc_row][vc_row][vc_column width=&#8221;1\/2&#8243;][vc_column_text css_animation=&#8221;fadeIn&#8221; css=&#8221;&#8221;]In a classified site, surrounded by an environment of wild and exceptional beauty, the Hotel du Cap is a haven for lovers of tranquility, nature and culture.<\/p>\n<p>Between cozy rooms and sublime views of the sea and the flowery park, like paintings, our hospitality combines cozy comfort with warm atmosphere.<\/p>\n<p>We offer a regenerating getaway at the end of the world and a unique experience in wild Normandy, with magical hiking loops (Coastal Path \u2013 Gr223).<\/p>\n<p>You are between sky and sea, between cliffs of the Nez de Jobourg and small port of Goury or Port Racine\u2026 surrounded by landscapes where moors and dry stone walls mingle, in an Irish atmosphere\u2026<\/p>\n<p>Country of \u00ab Goubelins \u00bb with secrets of stories and legends\u2026[\/vc_column_text][vc_row_inner][vc_column_inner width=&#8221;2\/3&#8243;][vc_column_text css_animation=&#8221;fadeIn&#8221;]<em>Pays de goubelins aux secrets d\u2019histoires et de l\u00e9gendes\u2026<br \/>\n<\/em>[\/vc_column_text][vc_btn title=&#8221;Our Rooms&#8221; style=&#8221;flat&#8221; shape=&#8221;square&#8221; color=&#8221;chino&#8221; align=&#8221;left&#8221; i_icon_fontawesome=&#8221;fas fa-bed&#8221; css_animation=&#8221;fadeIn&#8221; add_icon=&#8221;true&#8221; link=&#8221;url:https%3A%2F%2Fwww.hotelducap.net%2Fen%2Frooms%2F|title:Twelve%20cosy%20rooms%20open%20to%20the%20Cape%20Sea%2C%20at%20the%20tip%20of%20La%20Hague||&#8221;][\/vc_column_inner][vc_column_inner width=&#8221;1\/3&#8243;][vc_single_image image=&#8221;4861&#8243; img_size=&#8221;full&#8221; alignment=&#8221;center&#8221; css_animation=&#8221;fadeIn&#8221;][\/vc_column_inner][\/vc_row_inner][\/vc_column][vc_column width=&#8221;1\/2&#8243;][vc_single_image image=&#8221;4843&#8243; img_size=&#8221;550&#215;500&#8243; alignment=&#8221;center&#8221; style=&#8221;vc_box_shadow_border&#8221; onclick=&#8221;link_image&#8221; css_animation=&#8221;fadeIn&#8221;][\/vc_column][\/vc_row][vc_row][vc_column][vc_empty_space][\/vc_column][\/vc_row][vc_row full_width=&#8221;stretch_row_content_no_spaces&#8221;][vc_column][vc_single_image image=&#8221;4822&#8243; img_size=&#8221;full&#8221; alignment=&#8221;center&#8221; onclick=&#8221;custom_link&#8221; img_link_target=&#8221;_blank&#8221; link=&#8221;https:\/\/www.hotelducap.net\/panorama\/pano_hotel.html&#8221;][vc_btn title=&#8221;Our place&#8221; style=&#8221;flat&#8221; shape=&#8221;square&#8221; color=&#8221;chino&#8221; align=&#8221;center&#8221; i_icon_fontawesome=&#8221;far fa-eye&#8221; css_animation=&#8221;fadeIn&#8221; add_icon=&#8221;true&#8221; link=&#8221;url:https%3A%2F%2Fwww.hotelducap.net%2Fen%2Fenvironment%2F|title:D%C3%A9couvrez%20la%20Terre%20Bleue%20du%20Cotentin%20au%20d%C3%A9part%20du%20phare%20de%20Goury%2C%20%C3%A0%20la%20pointe%20de%20la%20Hague||&#8221;][\/vc_column][\/vc_row]<\/p>\n<\/div>","protected":false},"excerpt":{"rendered":"<p> Immersion in wild Normandy at the tip of La Hague.  Overlooking the Cap de La Hague, our character house opens its doors to you for an invitation to travel, facing the Channel island of Alderney and the fascinating lighthouse of Goury built on the swell\u2026 <\/p>\n","protected":false},"author":2,"featured_media":0,"parent":0,"menu_order":0,"comment_status":"closed","ping_status":"closed","template":"","meta":{"footnotes":""},"class_list":["post-3740","page","type-page","status-publish","hentry"],"yoast_head":"<!-- This site is optimized with the Yoast SEO plugin v27.2 - https:\/\/yoast.com\/product\/yoast-seo-wordpress\/ -->\n<title>H\u00f4tel du Cap \u00e0 Auderville dans La Hague<\/title>\n<meta name=\"description\" content=\"L&#039;h\u00f4tel du Cap est un h\u00f4tel de charme situ\u00e9 \u00e0 l&#039;extr\u00eame pointe de la Hague au nord du Cotentin dans la Manche, proche du Nez de Jobourg.\" \/>\n<meta name=\"robots\" content=\"index, follow, max-snippet:-1, max-image-preview:large, max-video-preview:-1\" \/>\n<link rel=\"canonical\" href=\"https:\/\/www.hotelducap.net\/en\/\" \/>\n<meta property=\"og:locale\" content=\"en_US\" \/>\n<meta property=\"og:type\" content=\"article\" \/>\n<meta property=\"og:title\" content=\"H\u00f4tel du Cap \u00e0 Auderville dans La Hague\" \/>\n<meta property=\"og:description\" content=\"L&#039;h\u00f4tel du Cap est un h\u00f4tel de charme situ\u00e9 \u00e0 l&#039;extr\u00eame pointe de la Hague au nord du Cotentin dans la Manche, proche du Nez de Jobourg.\" \/>\n<meta property=\"og:url\" content=\"https:\/\/www.hotelducap.net\/en\/\" \/>\n<meta property=\"og:site_name\" content=\"H\u00f4tel du Cap\" \/>\n<meta property=\"article:modified_time\" content=\"2025-12-08T09:38:27+00:00\" \/>\n<meta name=\"twitter:card\" content=\"summary_large_image\" \/>\n<meta name=\"twitter:label1\" content=\"Est. reading time\" \/>\n\t<meta name=\"twitter:data1\" content=\"2 minutes\" \/>\n<script type=\"application\/ld+json\" class=\"yoast-schema-graph\">{\"@context\":\"https:\/\/schema.org\",\"@graph\":[{\"@type\":\"WebPage\",\"@id\":\"https:\/\/www.hotelducap.net\/en\/\",\"url\":\"https:\/\/www.hotelducap.net\/en\/\",\"name\":\"H\u00f4tel du Cap \u00e0 Auderville dans La Hague\",\"isPartOf\":{\"@id\":\"https:\/\/www.hotelducap.net\/#website\"},\"datePublished\":\"2023-07-27T20:15:00+00:00\",\"dateModified\":\"2025-12-08T09:38:27+00:00\",\"description\":\"L'h\u00f4tel du Cap est un h\u00f4tel de charme situ\u00e9 \u00e0 l'extr\u00eame pointe de la Hague au nord du Cotentin dans la Manche, proche du Nez de Jobourg.\",\"breadcrumb\":{\"@id\":\"https:\/\/www.hotelducap.net\/en\/#breadcrumb\"},\"inLanguage\":\"en-US\",\"potentialAction\":[{\"@type\":\"ReadAction\",\"target\":[\"https:\/\/www.hotelducap.net\/en\/\"]}]},{\"@type\":\"BreadcrumbList\",\"@id\":\"https:\/\/www.hotelducap.net\/en\/#breadcrumb\",\"itemListElement\":[{\"@type\":\"ListItem\",\"position\":1,\"name\":\"Accueil\",\"item\":\"https:\/\/www.hotelducap.net\/en\/\"},{\"@type\":\"ListItem\",\"position\":2,\"name\":\"Bienvenue\"}]},{\"@type\":\"WebSite\",\"@id\":\"https:\/\/www.hotelducap.net\/#website\",\"url\":\"https:\/\/www.hotelducap.net\/\",\"name\":\"H\u00f4tel du Cap\",\"description\":\"\",\"potentialAction\":[{\"@type\":\"SearchAction\",\"target\":{\"@type\":\"EntryPoint\",\"urlTemplate\":\"https:\/\/www.hotelducap.net\/?s={search_term_string}\"},\"query-input\":{\"@type\":\"PropertyValueSpecification\",\"valueRequired\":true,\"valueName\":\"search_term_string\"}}],\"inLanguage\":\"en-US\"}]}<\/script>\n<!-- \/ Yoast SEO plugin. -->","yoast_head_json":{"title":"H\u00f4tel du Cap \u00e0 Auderville dans La Hague","description":"L'h\u00f4tel du Cap est un h\u00f4tel de charme situ\u00e9 \u00e0 l'extr\u00eame pointe de la Hague au nord du Cotentin dans la Manche, proche du Nez de Jobourg.","robots":{"index":"index","follow":"follow","max-snippet":"max-snippet:-1","max-image-preview":"max-image-preview:large","max-video-preview":"max-video-preview:-1"},"canonical":"https:\/\/www.hotelducap.net\/en\/","og_locale":"en_US","og_type":"article","og_title":"H\u00f4tel du Cap \u00e0 Auderville dans La Hague","og_description":"L'h\u00f4tel du Cap est un h\u00f4tel de charme situ\u00e9 \u00e0 l'extr\u00eame pointe de la Hague au nord du Cotentin dans la Manche, proche du Nez de Jobourg.","og_url":"https:\/\/www.hotelducap.net\/en\/","og_site_name":"H\u00f4tel du Cap","article_modified_time":"2025-12-08T09:38:27+00:00","twitter_card":"summary_large_image","twitter_misc":{"Est. reading time":"2 minutes"},"schema":{"@context":"https:\/\/schema.org","@graph":[{"@type":"WebPage","@id":"https:\/\/www.hotelducap.net\/en\/","url":"https:\/\/www.hotelducap.net\/en\/","name":"H\u00f4tel du Cap \u00e0 Auderville dans La Hague","isPartOf":{"@id":"https:\/\/www.hotelducap.net\/#website"},"datePublished":"2023-07-27T20:15:00+00:00","dateModified":"2025-12-08T09:38:27+00:00","description":"L'h\u00f4tel du Cap est un h\u00f4tel de charme situ\u00e9 \u00e0 l'extr\u00eame pointe de la Hague au nord du Cotentin dans la Manche, proche du Nez de Jobourg.","breadcrumb":{"@id":"https:\/\/www.hotelducap.net\/en\/#breadcrumb"},"inLanguage":"en-US","potentialAction":[{"@type":"ReadAction","target":["https:\/\/www.hotelducap.net\/en\/"]}]},{"@type":"BreadcrumbList","@id":"https:\/\/www.hotelducap.net\/en\/#breadcrumb","itemListElement":[{"@type":"ListItem","position":1,"name":"Accueil","item":"https:\/\/www.hotelducap.net\/en\/"},{"@type":"ListItem","position":2,"name":"Bienvenue"}]},{"@type":"WebSite","@id":"https:\/\/www.hotelducap.net\/#website","url":"https:\/\/www.hotelducap.net\/","name":"H\u00f4tel du Cap","description":"","potentialAction":[{"@type":"SearchAction","target":{"@type":"EntryPoint","urlTemplate":"https:\/\/www.hotelducap.net\/?s={search_term_string}"},"query-input":{"@type":"PropertyValueSpecification","valueRequired":true,"valueName":"search_term_string"}}],"inLanguage":"en-US"}]}},"_links":{"self":[{"href":"https:\/\/www.hotelducap.net\/en\/wp-json\/wp\/v2\/pages\/3740","targetHints":{"allow":["GET"]}}],"collection":[{"href":"https:\/\/www.hotelducap.net\/en\/wp-json\/wp\/v2\/pages"}],"about":[{"href":"https:\/\/www.hotelducap.net\/en\/wp-json\/wp\/v2\/types\/page"}],"author":[{"embeddable":true,"href":"https:\/\/www.hotelducap.net\/en\/wp-json\/wp\/v2\/users\/2"}],"replies":[{"embeddable":true,"href":"https:\/\/www.hotelducap.net\/en\/wp-json\/wp\/v2\/comments?post=3740"}],"version-history":[{"count":0,"href":"https:\/\/www.hotelducap.net\/en\/wp-json\/wp\/v2\/pages\/3740\/revisions"}],"wp:attachment":[{"href":"https:\/\/www.hotelducap.net\/en\/wp-json\/wp\/v2\/media?parent=3740"}],"curies":[{"name":"wp","href":"https:\/\/api.w.org\/{rel}","templated":true}]}}